{"id":20067,"date":"2015-02-19T09:48:19","date_gmt":"2015-02-19T07:48:19","guid":{"rendered":"https:\/\/skyline.me\/kontaktirajte-nas\/"},"modified":"2022-07-10T16:43:48","modified_gmt":"2022-07-10T14:43:48","slug":"kontaktirajte-nas","status":"publish","type":"page","link":"https:\/\/dandelionrealestate.com\/sr\/kontaktirajte-nas\/","title":{"rendered":"Kontaktirajte nas"},"content":{"rendered":"\t\t<div data-elementor-type=\"wp-page\" data-elementor-id=\"20067\" class=\"elementor elementor-20067 elementor-5707\" data-elementor-post-type=\"page\">\n\t\t\t\t\t\t<section class=\"elementor-section elementor-top-section elementor-element elementor-element-2fa0e28d elementor-section-boxed elementor-section-height-default elementor-section-height-default\" data-id=\"2fa0e28d\" data-element_type=\"section\">\n\t\t\t\t\t\t<div class=\"elementor-container elementor-column-gap-default\">\n\t\t\t\t\t<div class=\"elementor-column elementor-col-100 elementor-top-column elementor-element elementor-element-38451a2f\" data-id=\"38451a2f\" data-element_type=\"column\">\n\t\t\t<div class=\"elementor-widget-wrap elementor-element-populated\">\n\t\t\t\t\t\t<div class=\"elementor-element elementor-element-3c34753f elementor-widget elementor-widget-text-editor\" data-id=\"3c34753f\" data-element_type=\"widget\" data-widget_type=\"text-editor.default\">\n\t\t\t\t<div class=\"elementor-widget-container\">\n\t\t\t\t\t\t\t\t\t<p>Bilo da tra\u017eite nekretnine za prodaju u Crnoj Gori ili nekretnine za iznajmljivanje,&nbsp;&nbsp;<a href=\"https:\/\/dandelionrealestate.com\/\">DandelionRealEstate.com<\/a>&nbsp; olak\u0161ava va\u0161u pretragu. Koristite na\u0161e jedinstvene opcije pretra\u017eivanja i dobijajte svakog dana poruke na mejl o novim nekretninama da biste prona\u0161li svoj idealan stan, ku\u0107u ili poslovni prostor. Na\u0161 Dandelion web sajt posvec\u0301en je pru\u017eanju visokog nivoa kvaliteta, korisni\u010dke usluge i pa\u017enje do detalja, u marketingu i prodaji nekretnina i nekretnina za zakup.<br><br><\/p>\n<p>Dandelion je agencija za nekretnine sa sjedi\u0161tem u Podgorici. Ve\u0107 godinama poma\u017eemo brojnim klijentima da kupe ili zakupe nekretninu o kakvoj ma\u0161taju. Dandelion je vrsta cvijeta kod nas poznata kao Masla\u010dak i \u010desto se povezuje sa ispunjavanjem \u017eelja.<br><br><\/p>\n<p>Mi jednostavno volimo svoj posao i stalno unapre\u0111ujemo kvalitet rada. Ukoliko imate bilo kakvih pitanja slobodno nas kontaktirajte!<br><br><\/p>\n<p>Zamisli \u017eelju!<\/p>\t\t\t\t\t\t\t\t<\/div>\n\t\t\t\t<\/div>\n\t\t\t\t<div class=\"elementor-element elementor-element-8d2bd7d elementor-author-box--layout-image-left elementor-author-box--align-left elementor-widget elementor-widget-author-box\" data-id=\"8d2bd7d\" data-element_type=\"widget\" data-widget_type=\"author-box.default\">\n\t\t\t\t<div class=\"elementor-widget-container\">\n\t\t\t\t\t\t\t<div class=\"elementor-author-box\">\n\t\t\t\t\t\t\t<a href=\"https:\/\/dandelionrealestate.com\/estate_agent\/vukajlo-ivanovic\/\" class=\"elementor-author-box__avatar\">\n\t\t\t\t\t<img decoding=\"async\" src=\"https:\/\/dandelionrealestate.com\/wp-content\/uploads\/2022\/02\/vukajlo_agenti-300x300.jpg\" alt=\"Picture of Vukajlo Ivanovi\u0107\" loading=\"lazy\">\n\t\t\t\t<\/a>\n\t\t\t\n\t\t\t<div class=\"elementor-author-box__text\">\n\t\t\t\t\t\t\t\t\t<a href=\"https:\/\/dandelionrealestate.com\/estate_agent\/vukajlo-ivanovic\/\">\n\t\t\t\t\t\t<h4 class=\"elementor-author-box__name\">\n\t\t\t\t\t\t\tVukajlo Ivanovi\u0107\t\t\t\t\t\t<\/h4>\n\t\t\t\t\t<\/a>\n\t\t\t\t\n\t\t\t\t\t\t\t\t\t<div class=\"elementor-author-box__bio\">\n\t\t\t\t\t\t<p>Direktor agencije Dandelion Real Estate<\/p>\n\t\t\t\t\t<\/div>\n\t\t\t\t\n\t\t\t\t\t\t\t\t\t<a class=\"elementor-author-box__button elementor-button elementor-size-xs elementor-animation-pulse-grow\" href=\"https:\/\/dandelionrealestate.com\/sr\/uslovi-saradnje-sa-agencijom-izdavanje\/\">\n\t\t\t\t\t\tUslovi saradnje\t\t\t\t\t<\/a>\n\t\t\t\t\t\t\t<\/div>\n\t\t<\/div>\n\t\t\t\t\t\t<\/div>\n\t\t\t\t<\/div>\n\t\t\t\t\t<\/div>\n\t\t<\/div>\n\t\t\t\t\t<\/div>\n\t\t<\/section>\n\t\t\t\t<\/div>\n\t\t","protected":false},"excerpt":{"rendered":"<p>[vc_row][vc_column][vc_column_text]Bilo da tra\u017eite nekretnine za prodaju u Crnoj Gori ili nekretnine za iznajmljivanje,\u00a0\u00a0DandelionRealEstate.com\u00a0 olak\u0161ava va\u0161u pretragu. Koristite na\u0161e jedinstvene opcije pretra\u017eivanja i dobijajte svakog dana poruke na mejl o novim nekretninama da biste prona\u0161li svoj idealan stan, ku\u0107u ili poslovni prostor. Na\u0161 Dandelion web sajt posvec\u0301en je pru\u017eanju visokog nivoa kvaliteta, korisni\u010dke usluge i pa\u017enje do detalja, u marketingu i prodaji nekretnina i nekretnina &#8230;<\/p>\n","protected":false},"author":2,"featured_media":0,"parent":0,"menu_order":0,"comment_status":"open","ping_status":"open","template":"page-templates\/contact_page.php","meta":{"footnotes":""},"class_list":["post-20067","page","type-page","status-publish","hentry"],"aioseo_notices":[],"_links":{"self":[{"href":"https:\/\/dandelionrealestate.com\/sr\/wp-json\/wp\/v2\/pages\/20067","targetHints":{"allow":["GET"]}}],"collection":[{"href":"https:\/\/dandelionrealestate.com\/sr\/wp-json\/wp\/v2\/pages"}],"about":[{"href":"https:\/\/dandelionrealestate.com\/sr\/wp-json\/wp\/v2\/types\/page"}],"author":[{"embeddable":true,"href":"https:\/\/dandelionrealestate.com\/sr\/wp-json\/wp\/v2\/users\/2"}],"replies":[{"embeddable":true,"href":"https:\/\/dandelionrealestate.com\/sr\/wp-json\/wp\/v2\/comments?post=20067"}],"version-history":[{"count":0,"href":"https:\/\/dandelionrealestate.com\/sr\/wp-json\/wp\/v2\/pages\/20067\/revisions"}],"wp:attachment":[{"href":"https:\/\/dandelionrealestate.com\/sr\/wp-json\/wp\/v2\/media?parent=20067"}],"curies":[{"name":"wp","href":"https:\/\/api.w.org\/{rel}","templated":true}]}}